{"id":4901,"date":"2022-09-29T17:47:54","date_gmt":"2022-09-29T14:47:54","guid":{"rendered":"https:\/\/drmetecitirclinic.com\/contact\/"},"modified":"2022-11-10T11:43:42","modified_gmt":"2022-11-10T08:43:42","slug":"%d0%ba%d0%be%d0%bd%d1%82%d0%b0%d0%ba%d1%82","status":"publish","type":"page","link":"https:\/\/drmetecitirclinic.com\/bg\/%d0%ba%d0%be%d0%bd%d1%82%d0%b0%d0%ba%d1%82\/","title":{"rendered":"\u041a\u043e\u043d\u0442\u0430\u043a\u0442"},"content":{"rendered":"<p>[vc_row full_width=&#8220;stretch_row&#8220; gap=&#8220;0&#8243;][vc_column][vc_gmaps link=&#8220;#E-8_JTNDaWZyYW1lJTIwc3JjJTNEJTIyaHR0cHMlM0ElMkYlMkZ3d3cuZ29vZ2xlLmNvbSUyRm1hcHMlMkZlbWJlZCUzRnBiJTNEJTIxMW0xNCUyMTFtOCUyMTFtMyUyMTFkNzUzLjA0NzQxMDkzMTU3MDMlMjEyZDI3LjUxMjE4MSUyMTNkNDAuOTc3MzI4JTIxM20yJTIxMWkxMDI0JTIxMmk3NjglMjE0ZjEzLjElMjEzbTMlMjExbTIlMjExczB4MCUyNTNBMHg4MTJhODU0ZDY5ZDc3Y2M4JTIxMnpSSEl1SUUxbGRHVWd3NGZFc1hURXNYSWdMU0JCeEpfRXNYb2dkbVVndzRkbGJtVWdRMlZ5Y21Gb2FYTnBJRlY2YldGdXhMRSUyMTVlMCUyMTNtMiUyMTFzdHIlMjEyc3RyJTIxNHYxNjY0MjcwNzgyOTg2JTIxNW0yJTIxMXN0ciUyMTJzdHIlMjIlMjB3aWR0aCUzRCUyMjYwMCUyMiUyMGhlaWdodCUzRCUyMjQ1MCUyMiUyMHN0eWxlJTNEJTIyYm9yZGVyJTNBMCUzQiUyMiUyMGFsbG93ZnVsbHNjcmVlbiUzRCUyMiUyMiUyMGxvYWRpbmclM0QlMjJsYXp5JTIyJTIwcmVmZXJyZXJwb2xpY3klM0QlMjJuby1yZWZlcnJlci13aGVuLWRvd25ncmFkZSUyMiUzRSUzQyUyRmlmcmFtZSUzRQ==&#8220;][\/vc_column][vc_column css=&#8220;.vc_custom_1607955432920{margin-top: -250px !important;}&#8220; responsive_align=&#8220;text-center&#8220;][\/vc_column][\/vc_row][vc_row content_placement=&#8220;middle&#8220;][vc_column enable_column_shadowbox=&#8220;yes&#8220; enable_content_animation=&#8220;yes&#8220; ca_init_scale_x=&#8220;1&#8243; ca_init_scale_y=&#8220;1&#8243; ca_init_opacity=&#8220;0&#8243; ca_an_scale_x=&#8220;1&#8243; ca_an_scale_y=&#8220;1&#8243; ca_an_opacity=&#8220;1&#8243; offset=&#8220;vc_col-md-5&#8243; css=&#8220;.vc_custom_1607954640145{padding-top: 35px !important;padding-right: 50px !important;padding-bottom: 40px !important;padding-left: 50px !important;background-color: #ffffff !important;border-radius: 5px !important;}&#8220; column_box_shadow=&#8220;%5B%7B%22x_offset%22%3A%220%22%2C%22y_offset%22%3A%2210px%22%2C%22blur_radius%22%3A%2260px%22%2C%22shadow_color%22%3A%22rgba(0%2C%200%2C%200%2C%200.07)%22%7D%5D&#8220; responsive_css=&#8220;margin_top_medium:-70px|padding_bottom_medium:20px&#8220; ca_duration=&#8220;1800&#8243; ca_start_delay=&#8220;250&#8243; ca_delay=&#8220;180&#8243; ca_init_translate_y=&#8220;35&#8243;]<style>.ld_fancy_heading_6a05d07004bed h6 {font-size:20px; } .ld_fancy_heading_6a05d07004bed h6 {margin-bottom:1.1em !important;  } .ld_fancy_heading_6a05d07004bed .lqd-highlight-inner{height:0.275em!important;bottom:0px!important;}.ld_fancy_heading_6a05d07004bed h6 {font-size:20px; } .ld_fancy_heading_6a05d07004bed h6 {margin-bottom:1.1em !important;  } <\/style><div class=\"ld-fancy-heading ld_fancy_heading_6a05d07004bed\">\n\t<h6 class=\"ld-fh-element lqd-highlight-underline lqd-highlight-grow-left text-decoration-default\"   >  \u0418\u0437\u043f\u0440\u0430\u0442\u0438 \u0441\u044a\u043e\u0431\u0449\u0435\u043d\u0438\u0435<\/h6><\/div><style>.ld_cf7_6a05d07005048 input,.ld_cf7_6a05d07005048 textarea,.ld_cf7_6a05d07005048 .ui-button.ui-selectmenu-button{font-size:14px;font-weight:400;}.ld_cf7_6a05d07005048 input[type=\"submit\"]{font-size:16px;font-weight:700;background:rgb(0, 77, 157);color:rgb(255, 255, 255);border-color:rgb(0, 77, 157);}.ld_cf7_6a05d07005048 input, .ld_cf7_6a05d07005048 select, .ld_cf7_6a05d07005048 textarea, .ld_cf7_6a05d07005048 .ui-button.ui-selectmenu-button{background:rgb(247, 248, 248);}.ld_cf7_6a05d07005048 input, .ld_cf7_6a05d07005048 select, .ld_cf7_6a05d07005048 textarea, .ld_cf7_6a05d07005048 .ui-button.ui-selectmenu-button, .ld_cf7_6a05d07005048 .wpcf7-form-control-wrap > i, .ld_cf7_6a05d07005048 .wpcf7-radio{color:rgb(59, 75, 83);}.ld_cf7_6a05d07005048 input[type=\"submit\"]:focus,.ld_cf7_6a05d07005048 input[type=\"submit\"]:hover{background:rgb(255, 255, 255);}.ld_cf7_6a05d07005048 input[type=\"submit\"]:hover{color:rgb(0, 77, 157);border-color:rgb(255, 255, 255);}.ld_cf7_6a05d07005048 .wpcf7-form-control-wrap{margin-bottom:20px;}<\/style><div id=\"ld_cf7_6a05d07005048\" class=\"lqd-contact-form lqd-contact-form-inputs-filled lqd-contact-form-button-lg lqd-contact-form-button-block lqd-contact-form-button-round ld_cf7_6a05d07005048 vc_custom_1665581423995\">\n\t\n<div class=\"wpcf7 no-js\" id=\"wpcf7-f4921-o1\" lang=\"bg-BG\" dir=\"ltr\">\n<div class=\"screen-reader-response\"><p role=\"status\" aria-live=\"polite\" aria-atomic=\"true\"><\/p> <ul><\/ul><\/div>\n<form action=\"\/bg\/wp-json\/wp\/v2\/pages\/4901#wpcf7-f4921-o1\" method=\"post\" class=\"wpcf7-form init\" aria-label=\"\u0424\u043e\u0440\u043c\u0430 \u0437\u0430 \u043a\u043e\u043d\u0442\u0430\u043a\u0442\u0438\" novalidate=\"novalidate\" data-status=\"init\">\n<div style=\"display: none;\">\n<input type=\"hidden\" name=\"_wpcf7\" value=\"4921\" \/>\n<input type=\"hidden\" name=\"_wpcf7_version\" value=\"5.7.4\" \/>\n<input type=\"hidden\" name=\"_wpcf7_locale\" value=\"bg_BG\" \/>\n<input type=\"hidden\" name=\"_wpcf7_unit_tag\" value=\"wpcf7-f4921-o1\" \/>\n<input type=\"hidden\" name=\"_wpcf7_container_post\" value=\"0\" \/>\n<input type=\"hidden\" name=\"_wpcf7_posted_data_hash\" value=\"\" \/>\n<\/div>\n<div class=\"row\">\n\t<p class=\"col-md-12\"><br \/>\n<span class=\"wpcf7-form-control-wrap\" data-name=\"text-500\"><input size=\"40\" class=\"wpcf7-form-control wpcf7-text wpcf7-validates-as-required\" aria-required=\"true\" aria-invalid=\"false\" placeholder=\"Name &amp; Surname\" value=\"\" type=\"text\" name=\"text-500\" \/><\/span>\n\t<\/p>\n\t<p class=\"col-md-12\"><br \/>\n<span class=\"wpcf7-form-control-wrap\" data-name=\"email-48\"><input size=\"40\" class=\"wpcf7-form-control wpcf7-text wpcf7-email wpcf7-validates-as-required wpcf7-validates-as-email\" aria-required=\"true\" aria-invalid=\"false\" placeholder=\"E-Mail\" value=\"\" type=\"email\" name=\"email-48\" \/><\/span>\n\t<\/p>\n\t<p class=\"col-md-12\"><br \/>\n<span class=\"wpcf7-form-control-wrap\" data-name=\"text-501\"><input size=\"40\" class=\"wpcf7-form-control wpcf7-text wpcf7-validates-as-required\" aria-required=\"true\" aria-invalid=\"false\" placeholder=\"Subject\" value=\"\" type=\"text\" name=\"text-501\" \/><\/span>\n\t<\/p>\n\t<p class=\"col-md-12\"><br \/>\n<span class=\"wpcf7-form-control-wrap tel-505\"><input class=\"wpcf7-form-control wpcf7-tel wpcf7-validates-as-tel\" aria-invalid=\"false\" placeholder=\"Your Phone Number\" value=\"\" type=\"tel\" name=\"tel-505_hide\" data-name=\"tel-505\"  data-pre=\"en\" data-excludeCountries=\"\" data-onlyct=\"\" data-defcountry=\"\" data-auto=\"1\" data-validation=\"1\" \/><\/span>\n\t<\/p>\n\t<p class=\"col-md-12 mt-1\"><br \/>\n<input class=\"wpcf7-form-control has-spinner wpcf7-submit\" type=\"submit\" value=\"Send\" \/>\n\t<\/p>\n<\/div><div class=\"wpcf7-response-output\" aria-hidden=\"true\"><\/div>\n<\/form>\n<\/div>\n<\/div>[\/vc_column][vc_column enable_content_animation=&#8220;yes&#8220; ca_init_scale_x=&#8220;1&#8243; ca_init_scale_y=&#8220;1&#8243; ca_init_opacity=&#8220;0&#8243; ca_an_scale_x=&#8220;1&#8243; ca_an_scale_y=&#8220;1&#8243; ca_an_opacity=&#8220;1&#8243; column_top_ontablet=&#8220;yes&#8220; column_top_onmobile=&#8220;yes&#8220; css=&#8220;.vc_custom_1610101870866{padding-top: 80px !important;padding-bottom: 35px !important;}&#8220; offset=&#8220;vc_col-lg-5 vc_col-md-offset-1 vc_col-md-6&#8243; ca_duration=&#8220;1800&#8243; ca_delay=&#8220;180&#8243; ca_init_translate_y=&#8220;60&#8243; responsive_align=&#8220;text-center text-md-left&#8220;]<style>.ld_fancy_heading_6a05d070099a2 h1 {font-size:34px; } .ld_fancy_heading_6a05d070099a2 h1 {font-weight:500; } .ld_fancy_heading_6a05d070099a2 .lqd-highlight-inner{height:0.275em!important;bottom:0px!important;}.ld_fancy_heading_6a05d070099a2 h1 {font-size:34px; } .ld_fancy_heading_6a05d070099a2 h1 {font-weight:500; } <\/style><div class=\"ld-fancy-heading ld_fancy_heading_6a05d070099a2\">\n\t<h1 class=\"ld-fh-element lqd-highlight-underline lqd-highlight-grow-left text-decoration-default\"   >  \u0418\u043d\u0444\u043e\u0440\u043c\u0430\u0446\u0438\u044f \u0437\u0430 \u0432\u0440\u044a\u0437\u043a\u0430<\/h1><\/div><style>.ld_icon_box_6a05d07009dac .iconbox-icon-container{color:rgb(204, 204, 204);font-size:16px;border-radius:px;}.ld_icon_box_6a05d07009dac .iconbox-icon-wrap{margin-inline-end:15px !important;}.ld_icon_box_6a05d07009dac .lqd-iconbox-title{color:rgba(0, 0, 0, 0.6);margin-bottom:px;font-size:15px;}<\/style>\n<div class=\"iconbox iconbox-side text-align-default ld_icon_box_6a05d07009dac vc_custom_1664273714048\" id=\"ld_icon_box_6a05d07009dac\"  data-animate-icon=\"true\" data-plugin-options='{\"color\":\"rgb(204, 204, 204)\"}'  >\n\t\n\t\t\t\t\t\n\t\n\t<div class=\"iconbox-icon-wrap\"><span class=\"iconbox-icon-container\"><i class=\"fas fa-map-marker-alt\"><\/i><\/span><\/div>\t\n\t\t\n\t\t\n\t\t\n\t<p class=\"lqd-iconbox-title font-weight-normal\">Ertu\u011frul Mahallesi Demir Sokak Zeynel Bey \u0130\u015f Merkezi, D:No:43\/8, 59100 S\u00fcleymanpa\u015fa\/Tekirda\u011f<\/p>\t\t\t\n\t\t\n\t\n<\/div>\n<style>.ld_icon_box_6a05d0700b86d .iconbox-icon-container{color:rgb(204, 204, 204);font-size:16px;border-radius:px;}.ld_icon_box_6a05d0700b86d .iconbox-icon-wrap{margin-inline-end:15px !important;}.ld_icon_box_6a05d0700b86d .lqd-iconbox-title{color:rgba(0, 0, 0, 0.6);margin-bottom:px;font-size:15px;}<\/style>\n<div class=\"iconbox iconbox-side text-align-default ld_icon_box_6a05d0700b86d vc_custom_1666267632363\" id=\"ld_icon_box_6a05d0700b86d\"  data-animate-icon=\"true\" data-plugin-options='{\"color\":\"rgb(204, 204, 204)\"}'  >\n\t\n\t\t\t\t\t\n\t\n\t<div class=\"iconbox-icon-wrap\"><span class=\"iconbox-icon-container\"><i class=\"fas fa-envelope\"><\/i><\/span><\/div>\t\n\t\t\n\t\t\n\t\t\n\t<p class=\"lqd-iconbox-title font-weight-normal\">Email: info@drmetecitirclinic.com<\/p>\t\t\t\n\t\t\n\t\n<\/div>\n<style>.ld_icon_box_6a05d0700c3ed .iconbox-icon-container{color:rgb(204, 204, 204);font-size:16px;border-radius:px;}.ld_icon_box_6a05d0700c3ed .iconbox-icon-wrap{margin-inline-end:15px !important;}.ld_icon_box_6a05d0700c3ed .lqd-iconbox-title{color:rgba(0, 0, 0, 0.6);margin-bottom:px;font-size:15px;}<\/style>\n<div class=\"iconbox iconbox-side text-align-default ld_icon_box_6a05d0700c3ed vc_custom_1666267641418\" id=\"ld_icon_box_6a05d0700c3ed\"  data-animate-icon=\"true\" data-plugin-options='{\"color\":\"rgb(204, 204, 204)\"}'  >\n\t\n\t\t\t\t\t\n\t\n\t<div class=\"iconbox-icon-wrap\"><span class=\"iconbox-icon-container\"><i class=\"fas fa-mobile\"><\/i><\/span><\/div>\t\n\t\t\n\t\t\n\t\t\n\t<p class=\"lqd-iconbox-title font-weight-normal\">Telefon: +90 (535) 247 5904<\/p>\t\t\t\n\t\t\n\t\n<\/div>\n[\/vc_column][\/vc_row][vc_row][vc_column]<style>.ld_spacer_6a05d0700c808{height:32px;}<\/style>\n<div class=\"ld-empty-space ld_spacer_6a05d0700c808\"><\/div>[\/vc_column][\/vc_row]<\/p>\n","protected":false},"excerpt":{"rendered":"<p>[vc_row full_width=&#8220;stretch_row&#8220; gap=&#8220;0&#8243;][vc_column][vc_gmaps link=&#8220;#E-8_JTNDaWZyYW1lJTIwc3JjJTNEJTIyaHR0cHMlM0ElMkYlMkZ3d3cuZ29vZ2xlLmNvbSUyRm1hcHMlMkZlbWJlZCUzRnBiJTNEJTIxMW0xNCUyMTFtOCUyMTFtMyUyMTFkNzUzLjA0NzQxMDkzMTU3MDMlMjEyZDI3LjUxMjE4MSUyMTNkNDAuOTc3MzI4JTIxM20yJTIxMWkxMDI0JTIxMmk3NjglMjE0ZjEzLjElMjEzbTMlMjExbTIlMjExczB4MCUyNTNBMHg4MTJhODU0ZDY5ZDc3Y2M4JTIxMnpSSEl1SUUxbGRHVWd3NGZFc1hURXNYSWdMU0JCeEpfRXNYb2dkbVVndzRkbGJtVWdRMlZ5Y21Gb2FYTnBJRlY2YldGdXhMRSUyMTVlMCUyMTNtMiUyMTFzdHIlMjEyc3RyJTIxNHYxNjY0MjcwNzgyOTg2JTIxNW0yJTIxMXN0ciUyMTJzdHIlMjIlMjB3aWR0aCUzRCUyMjYwMCUyMiUyMGhlaWdodCUzRCUyMjQ1MCUyMiUyMHN0eWxlJTNEJTIyYm9yZGVyJTNBMCUzQiUyMiUyMGFsbG93ZnVsbHNjcmVlbiUzRCUyMiUyMiUyMGxvYWRpbmclM0QlMjJsYXp5JTIyJTIwcmVmZXJyZXJwb2xpY3klM0QlMjJuby1yZWZlcnJlci13aGVuLWRvd25ncmFkZSUyMiUzRSUzQyUyRmlmcmFtZSUzRQ==&#8220;][\/vc_column][vc_column css=&#8220;.vc_custom_1607955432920{margin-top: -250px !important;}&#8220; responsive_align=&#8220;text-center&#8220;][\/vc_column][\/vc_row][vc_row content_placement=&#8220;middle&#8220;][vc_column enable_column_shadowbox=&#8220;yes&#8220; enable_content_animation=&#8220;yes&#8220; ca_init_scale_x=&#8220;1&#8243; ca_init_scale_y=&#8220;1&#8243; ca_init_opacity=&#8220;0&#8243; ca_an_scale_x=&#8220;1&#8243; ca_an_scale_y=&#8220;1&#8243; ca_an_opacity=&#8220;1&#8243; offset=&#8220;vc_col-md-5&#8243; css=&#8220;.vc_custom_1607954640145{padding-top: 35px !important;padding-right: 50px !important;padding-bottom: 40px !important;padding-left: 50px !important;background-color: #ffffff !important;border-radius: 5px !important;}&#8220; column_box_shadow=&#8220;%5B%7B%22x_offset%22%3A%220%22%2C%22y_offset%22%3A%2210px%22%2C%22blur_radius%22%3A%2260px%22%2C%22shadow_color%22%3A%22rgba(0%2C%200%2C%200%2C%200.07)%22%7D%5D&#8220; responsive_css=&#8220;margin_top_medium:-70px|padding_bottom_medium:20px&#8220; ca_duration=&#8220;1800&#8243; ca_start_delay=&#8220;250&#8243; ca_delay=&#8220;180&#8243; ca_init_translate_y=&#8220;35&#8243;][\/vc_column][vc_column enable_content_animation=&#8220;yes&#8220; ca_init_scale_x=&#8220;1&#8243; ca_init_scale_y=&#8220;1&#8243; ca_init_opacity=&#8220;0&#8243; ca_an_scale_x=&#8220;1&#8243; ca_an_scale_y=&#8220;1&#8243; ca_an_opacity=&#8220;1&#8243; column_top_ontablet=&#8220;yes&#8220; column_top_onmobile=&#8220;yes&#8220; css=&#8220;.vc_custom_1610101870866{padding-top: 80px !important;padding-bottom: 35px !important;}&#8220; offset=&#8220;vc_col-lg-5 vc_col-md-offset-1 vc_col-md-6&#8243; ca_duration=&#8220;1800&#8243; [&hellip;]<\/p>\n","protected":false},"author":1,"featured_media":0,"parent":0,"menu_order":0,"comment_status":"closed","ping_status":"closed","template":"","meta":[],"_links":{"self":[{"href":"https:\/\/drmetecitirclinic.com\/bg\/wp-json\/wp\/v2\/pages\/4901"}],"collection":[{"href":"https:\/\/drmetecitirclinic.com\/bg\/wp-json\/wp\/v2\/pages"}],"about":[{"href":"https:\/\/drmetecitirclinic.com\/bg\/wp-json\/wp\/v2\/types\/page"}],"author":[{"embeddable":true,"href":"https:\/\/drmetecitirclinic.com\/bg\/wp-json\/wp\/v2\/users\/1"}],"replies":[{"embeddable":true,"href":"https:\/\/drmetecitirclinic.com\/bg\/wp-json\/wp\/v2\/comments?post=4901"}],"version-history":[{"count":2,"href":"https:\/\/drmetecitirclinic.com\/bg\/wp-json\/wp\/v2\/pages\/4901\/revisions"}],"predecessor-version":[{"id":4916,"href":"https:\/\/drmetecitirclinic.com\/bg\/wp-json\/wp\/v2\/pages\/4901\/revisions\/4916"}],"wp:attachment":[{"href":"https:\/\/drmetecitirclinic.com\/bg\/wp-json\/wp\/v2\/media?parent=4901"}],"curies":[{"name":"wp","href":"https:\/\/api.w.org\/{rel}","templated":true}]}}